{"id":1140,"date":"2023-08-09T22:27:38","date_gmt":"2023-08-09T22:27:38","guid":{"rendered":"https:\/\/ruleteo.com\/index.php\/producto\/destornillador-5-en-1-para-reparacion-de-celulares-y-otros-articulos-electronicos\/"},"modified":"2024-08-10T09:17:44","modified_gmt":"2024-08-10T09:17:44","slug":"destornillador-5-en-1-para-reparacion-de-celulares-y-otros-articulos-electronicos","status":"publish","type":"product","link":"https:\/\/ruleteo.com\/index.php\/producto\/destornillador-5-en-1-para-reparacion-de-celulares-y-otros-articulos-electronicos\/","title":{"rendered":"Destornillador 5 en 1. Para reparaci\u00f3n de celulares y otros art\u00edculos electr\u00f3nicos"},"content":{"rendered":"","protected":false},"excerpt":{"rendered":"","protected":false},"featured_media":1138,"comment_status":"open","ping_status":"closed","template":"","meta":{"om_disable_all_campaigns":false,"_monsterinsights_skip_tracking":false,"_monsterinsights_sitenote_active":false,"_monsterinsights_sitenote_note":"","_monsterinsights_sitenote_category":0,"spay_email":""},"class_list":["post-1140","product","type-product","status-publish","has-post-thumbnail","hentry","product_cat-sin-categorizar","product_shipping_class-23"],"_links":{"self":[{"href":"https:\/\/ruleteo.com\/index.php\/wp-json\/wp\/v2\/product\/1140","targetHints":{"allow":["GET"]}}],"collection":[{"href":"https:\/\/ruleteo.com\/index.php\/wp-json\/wp\/v2\/product"}],"about":[{"href":"https:\/\/ruleteo.com\/index.php\/wp-json\/wp\/v2\/types\/product"}],"replies":[{"embeddable":true,"href":"https:\/\/ruleteo.com\/index.php\/wp-json\/wp\/v2\/comments?post=1140"}],"wp:featuredmedia":[{"embeddable":true,"href":"https:\/\/ruleteo.com\/index.php\/wp-json\/wp\/v2\/media\/1138"}],"wp:attachment":[{"href":"https:\/\/ruleteo.com\/index.php\/wp-json\/wp\/v2\/media?parent=1140"}],"curies":[{"name":"wp","href":"https:\/\/api.w.org\/{rel}","templated":true}]}}