{"id":117,"date":"2021-05-11T02:03:27","date_gmt":"2021-05-11T02:03:27","guid":{"rendered":"https:\/\/ruleteo.com\/?post_type=product&#038;p=117"},"modified":"2023-08-09T02:32:53","modified_gmt":"2023-08-09T02:32:53","slug":"infaltable-herramienta-medidor-de-desgaste-cadena-bicicleta","status":"publish","type":"product","link":"https:\/\/ruleteo.com\/index.php\/producto\/infaltable-herramienta-medidor-de-desgaste-cadena-bicicleta\/","title":{"rendered":"Medidor De Desgaste para Cadena de Bicicleta"},"content":{"rendered":"<p>Compra Contraentrega en www.ruleteo.com o a trav\u00e9s de nuestro WhatsApp 3128370765<\/p>\n<p>Infaltable Herramienta Medidor De Desgaste Cadena Bicicleta<\/p>\n<p>\u00datil herramienta para ciclistas profesionales o aficionados<\/p>\n<p>cambie la cadena a tiempo y no ocasione da\u00f1o de pacha y plato<\/p>\n","protected":false},"excerpt":{"rendered":"<p>Compra Contraentrega en www.ruleteo.com o a trav\u00e9s de nuestro WhatsApp 3128370765 Infaltable Herramienta Medidor De Desgaste Cadena Bicicleta \u00datil herramienta para ciclistas profesionales o aficionados cambie la cadena a tiempo y no ocasione da\u00f1o de pacha y plato<\/p>\n","protected":false},"featured_media":118,"comment_status":"open","ping_status":"closed","template":"","meta":{"om_disable_all_campaigns":false,"_monsterinsights_skip_tracking":false,"_monsterinsights_sitenote_active":false,"_monsterinsights_sitenote_note":"","_monsterinsights_sitenote_category":0,"spay_email":""},"class_list":["post-117","product","type-product","status-publish","has-post-thumbnail","hentry","product_cat-cachibaches-y-cacharreria","product_cat-ciclismo","product_shipping_class-23"],"_links":{"self":[{"href":"https:\/\/ruleteo.com\/index.php\/wp-json\/wp\/v2\/product\/117","targetHints":{"allow":["GET"]}}],"collection":[{"href":"https:\/\/ruleteo.com\/index.php\/wp-json\/wp\/v2\/product"}],"about":[{"href":"https:\/\/ruleteo.com\/index.php\/wp-json\/wp\/v2\/types\/product"}],"replies":[{"embeddable":true,"href":"https:\/\/ruleteo.com\/index.php\/wp-json\/wp\/v2\/comments?post=117"}],"wp:featuredmedia":[{"embeddable":true,"href":"https:\/\/ruleteo.com\/index.php\/wp-json\/wp\/v2\/media\/118"}],"wp:attachment":[{"href":"https:\/\/ruleteo.com\/index.php\/wp-json\/wp\/v2\/media?parent=117"}],"curies":[{"name":"wp","href":"https:\/\/api.w.org\/{rel}","templated":true}]}}