{"id":1187,"date":"2023-09-20T20:21:15","date_gmt":"2023-09-20T20:21:15","guid":{"rendered":"https:\/\/ruleteo.com\/?post_type=product&#038;p=1187"},"modified":"2023-09-20T20:30:53","modified_gmt":"2023-09-20T20:30:53","slug":"tapones-de-valvula-con-sensor-de-presion-para-carro-o-moto","status":"publish","type":"product","link":"https:\/\/ruleteo.com\/index.php\/producto\/tapones-de-valvula-con-sensor-de-presion-para-carro-o-moto\/","title":{"rendered":"Tapones de v\u00e1lvula con sensor de presi\u00f3n, para carro o moto"},"content":{"rendered":"<p>Tapones de v\u00e1lvula con sensor de presi\u00f3n, para carro o moto.<\/p>\n<p>Te indica con colores el nivel de presi\u00f3n de la rueda.<\/p>\n<p>Verde. Dentro de rango seguro<\/p>\n<p>Amarillo. Precauci\u00f3n!!! , presi\u00f3n por debajo de par\u00e1metros normales<\/p>\n<p>Rojo. Peligro!!! Presi\u00f3n demasiado baja<\/p>\n","protected":false},"excerpt":{"rendered":"<p>Tapones de v\u00e1lvula con sensor de presi\u00f3n, para carro o moto. Te indica con colores el nivel de presi\u00f3n de la rueda. Verde. Dentro de rango seguro Amarillo. Precauci\u00f3n!!! , presi\u00f3n por debajo de par\u00e1metros normales Rojo. Peligro!!! Presi\u00f3n demasiado baja<\/p>\n","protected":false},"featured_media":1180,"comment_status":"open","ping_status":"closed","template":"","meta":{"om_disable_all_campaigns":false,"_monsterinsights_skip_tracking":false,"_monsterinsights_sitenote_active":false,"_monsterinsights_sitenote_note":"","_monsterinsights_sitenote_category":0,"spay_email":""},"class_list":["post-1187","product","type-product","status-publish","has-post-thumbnail","hentry","product_cat-automovilismo","product_cat-motociclismo","product_cat-cachibaches-y-cacharreria"],"_links":{"self":[{"href":"https:\/\/ruleteo.com\/index.php\/wp-json\/wp\/v2\/product\/1187","targetHints":{"allow":["GET"]}}],"collection":[{"href":"https:\/\/ruleteo.com\/index.php\/wp-json\/wp\/v2\/product"}],"about":[{"href":"https:\/\/ruleteo.com\/index.php\/wp-json\/wp\/v2\/types\/product"}],"replies":[{"embeddable":true,"href":"https:\/\/ruleteo.com\/index.php\/wp-json\/wp\/v2\/comments?post=1187"}],"wp:featuredmedia":[{"embeddable":true,"href":"https:\/\/ruleteo.com\/index.php\/wp-json\/wp\/v2\/media\/1180"}],"wp:attachment":[{"href":"https:\/\/ruleteo.com\/index.php\/wp-json\/wp\/v2\/media?parent=1187"}],"curies":[{"name":"wp","href":"https:\/\/api.w.org\/{rel}","templated":true}]}}