{"id":124,"date":"2021-05-11T02:13:05","date_gmt":"2021-05-11T02:13:05","guid":{"rendered":"https:\/\/ruleteo.com\/?post_type=product&#038;p=124"},"modified":"2022-04-07T18:22:25","modified_gmt":"2022-04-07T18:22:25","slug":"parches-transparentes-no-necesitan-pegante-parches-automaticos-instantaneos-para-despinchar-llantas-de-bicicleta","status":"publish","type":"product","link":"https:\/\/ruleteo.com\/index.php\/producto\/parches-transparentes-no-necesitan-pegante-parches-automaticos-instantaneos-para-despinchar-llantas-de-bicicleta\/","title":{"rendered":"Parches transparentes No necesitan pegante.  Parches autom\u00e1ticos instant\u00e1neos para despinchar llantas de bicicleta"},"content":{"rendered":"<p>Compra Contraentrega en www.ruleteo.com o a trav\u00e9s de nuestro WhatsApp 3128370765<\/p>\n<p>Parches transparentes No necesitan pegante. Parches autom\u00e1ticos instant\u00e1neos para despinchar llantas de bicicleta. Kit x 6 unidades<\/p>\n","protected":false},"excerpt":{"rendered":"<p>Compra Contraentrega en www.ruleteo.com o a trav\u00e9s de nuestro WhatsApp 3128370765 Parches transparentes No necesitan pegante. Parches autom\u00e1ticos instant\u00e1neos para despinchar llantas de bicicleta. Kit x 6 unidades<\/p>\n","protected":false},"featured_media":125,"comment_status":"open","ping_status":"closed","template":"","meta":{"om_disable_all_campaigns":false,"_monsterinsights_skip_tracking":false,"_monsterinsights_sitenote_active":false,"_monsterinsights_sitenote_note":"","_monsterinsights_sitenote_category":0,"spay_email":""},"class_list":["post-124","product","type-product","status-publish","has-post-thumbnail","hentry","product_cat-motociclismo","product_cat-cachibaches-y-cacharreria","product_cat-ciclismo","product_shipping_class-23"],"_links":{"self":[{"href":"https:\/\/ruleteo.com\/index.php\/wp-json\/wp\/v2\/product\/124","targetHints":{"allow":["GET"]}}],"collection":[{"href":"https:\/\/ruleteo.com\/index.php\/wp-json\/wp\/v2\/product"}],"about":[{"href":"https:\/\/ruleteo.com\/index.php\/wp-json\/wp\/v2\/types\/product"}],"replies":[{"embeddable":true,"href":"https:\/\/ruleteo.com\/index.php\/wp-json\/wp\/v2\/comments?post=124"}],"wp:featuredmedia":[{"embeddable":true,"href":"https:\/\/ruleteo.com\/index.php\/wp-json\/wp\/v2\/media\/125"}],"wp:attachment":[{"href":"https:\/\/ruleteo.com\/index.php\/wp-json\/wp\/v2\/media?parent=124"}],"curies":[{"name":"wp","href":"https:\/\/api.w.org\/{rel}","templated":true}]}}