{"id":156,"date":"2021-05-11T02:53:41","date_gmt":"2021-05-11T02:53:41","guid":{"rendered":"https:\/\/ruleteo.com\/?post_type=product&#038;p=156"},"modified":"2023-08-09T02:37:14","modified_gmt":"2023-08-09T02:37:14","slug":"llavero-medidor-de-presion-para-llantas-de-carro-moto-o-bicicleta","status":"publish","type":"product","link":"https:\/\/ruleteo.com\/index.php\/producto\/llavero-medidor-de-presion-para-llantas-de-carro-moto-o-bicicleta\/","title":{"rendered":"Medidor de presi\u00f3n para llantas de carro, moto o bicicleta"},"content":{"rendered":"<p>Compra Contraentrega en www.ruleteo.com o a trav\u00e9s de nuestro WhatsApp 3128370765<\/p>\n<p>Llavero Medidor de presi\u00f3n para llantas de carro o bicicleta<\/p>\n<p>Caracter\u00edstica:<\/p>\n<p>1. Ahorre combustible y extienda la vida \u00fatil del neum\u00e1tico con la presi\u00f3n correcta<\/p>\n<p>2. Infle las llantas de su bici a la presi\u00f3n correcta y aumente su rendimiento sobre la bicicleta<\/p>\n<p>2. Pantalla LCD f\u00e1cil de leer<\/p>\n<p>3. 100% nuevo y de alta calidad<\/p>\n<p>4. Alimentado por: bater\u00eda de litio (incluida)<\/p>\n<p>5. cuatro unidades: PSI \/ Kpa \/ Bar \/ kg \/ cm2<\/p>\n","protected":false},"excerpt":{"rendered":"<p>Compra Contraentrega en www.ruleteo.com o a trav\u00e9s de nuestro WhatsApp 3128370765 Llavero Medidor de presi\u00f3n para llantas de carro o bicicleta Caracter\u00edstica: 1. Ahorre combustible y extienda la vida \u00fatil del neum\u00e1tico con la presi\u00f3n correcta 2. Infle las llantas de su bici a la presi\u00f3n correcta y aumente su rendimiento sobre la bicicleta 2. &hellip;<\/p>\n<p class=\"read-more\"> <a class=\"\" href=\"https:\/\/ruleteo.com\/index.php\/producto\/llavero-medidor-de-presion-para-llantas-de-carro-moto-o-bicicleta\/\"> <span class=\"screen-reader-text\">Medidor de presi\u00f3n para llantas de carro, moto o bicicleta<\/span> Leer m\u00e1s &raquo;<\/a><\/p>\n","protected":false},"featured_media":162,"comment_status":"open","ping_status":"closed","template":"","meta":{"om_disable_all_campaigns":false,"_monsterinsights_skip_tracking":false,"_monsterinsights_sitenote_active":false,"_monsterinsights_sitenote_note":"","_monsterinsights_sitenote_category":0,"spay_email":""},"class_list":["post-156","product","type-product","status-publish","has-post-thumbnail","hentry","product_cat-automovilismo","product_cat-motociclismo","product_cat-cachibaches-y-cacharreria","product_cat-ciclismo","product_shipping_class-23"],"_links":{"self":[{"href":"https:\/\/ruleteo.com\/index.php\/wp-json\/wp\/v2\/product\/156","targetHints":{"allow":["GET"]}}],"collection":[{"href":"https:\/\/ruleteo.com\/index.php\/wp-json\/wp\/v2\/product"}],"about":[{"href":"https:\/\/ruleteo.com\/index.php\/wp-json\/wp\/v2\/types\/product"}],"replies":[{"embeddable":true,"href":"https:\/\/ruleteo.com\/index.php\/wp-json\/wp\/v2\/comments?post=156"}],"wp:featuredmedia":[{"embeddable":true,"href":"https:\/\/ruleteo.com\/index.php\/wp-json\/wp\/v2\/media\/162"}],"wp:attachment":[{"href":"https:\/\/ruleteo.com\/index.php\/wp-json\/wp\/v2\/media?parent=156"}],"curies":[{"name":"wp","href":"https:\/\/api.w.org\/{rel}","templated":true}]}}