{"id":165,"date":"2021-05-11T03:14:59","date_gmt":"2021-05-11T03:14:59","guid":{"rendered":"https:\/\/ruleteo.com\/?post_type=product&#038;p=165"},"modified":"2022-04-07T18:20:04","modified_gmt":"2022-04-07T18:20:04","slug":"membrana-de-seguridad-antilluvia-antiempanante-para-espejos-retrovisores-de-moto","status":"publish","type":"product","link":"https:\/\/ruleteo.com\/index.php\/producto\/membrana-de-seguridad-antilluvia-antiempanante-para-espejos-retrovisores-de-moto\/","title":{"rendered":"Membrana de seguridad antilluvia antiempa\u00f1ante para espejos retrovisores de moto"},"content":{"rendered":"<p>Compra Contraentrega en www.ruleteo.com o a trav\u00e9s de nuestro WhatsApp 3128370765<\/p>\n<p>Membrana de seguridad antilluvia antiempa\u00f1ante para espejos retrovisores de moto<\/p>\n<p>2 Pel\u00edculas antiempa\u00f1antes transparentes para retrovisores de moto,<\/p>\n<p>tama\u00f1o moto (80mmx80mm)<\/p>\n","protected":false},"excerpt":{"rendered":"<p>Compra Contraentrega en www.ruleteo.com o a trav\u00e9s de nuestro WhatsApp 3128370765 Membrana de seguridad antilluvia antiempa\u00f1ante para espejos retrovisores de moto 2 Pel\u00edculas antiempa\u00f1antes transparentes para retrovisores de moto, tama\u00f1o moto (80mmx80mm)<\/p>\n","protected":false},"featured_media":580,"comment_status":"open","ping_status":"closed","template":"","meta":{"om_disable_all_campaigns":false,"_monsterinsights_skip_tracking":false,"_monsterinsights_sitenote_active":false,"_monsterinsights_sitenote_note":"","_monsterinsights_sitenote_category":0,"spay_email":""},"class_list":["post-165","product","type-product","status-publish","has-post-thumbnail","hentry","product_cat-automovilismo","product_cat-motociclismo","product_cat-cachibaches-y-cacharreria","product_shipping_class-23"],"_links":{"self":[{"href":"https:\/\/ruleteo.com\/index.php\/wp-json\/wp\/v2\/product\/165","targetHints":{"allow":["GET"]}}],"collection":[{"href":"https:\/\/ruleteo.com\/index.php\/wp-json\/wp\/v2\/product"}],"about":[{"href":"https:\/\/ruleteo.com\/index.php\/wp-json\/wp\/v2\/types\/product"}],"replies":[{"embeddable":true,"href":"https:\/\/ruleteo.com\/index.php\/wp-json\/wp\/v2\/comments?post=165"}],"wp:featuredmedia":[{"embeddable":true,"href":"https:\/\/ruleteo.com\/index.php\/wp-json\/wp\/v2\/media\/580"}],"wp:attachment":[{"href":"https:\/\/ruleteo.com\/index.php\/wp-json\/wp\/v2\/media?parent=165"}],"curies":[{"name":"wp","href":"https:\/\/api.w.org\/{rel}","templated":true}]}}