{"id":169,"date":"2021-05-11T03:16:38","date_gmt":"2021-05-11T03:16:38","guid":{"rendered":"https:\/\/ruleteo.com\/?post_type=product&#038;p=169"},"modified":"2023-01-09T14:57:09","modified_gmt":"2023-01-09T14:57:09","slug":"membrana-de-seguridad-antilluvia-antiempanante-para-espejos-retrovisores-de-carro","status":"publish","type":"product","link":"https:\/\/ruleteo.com\/index.php\/producto\/membrana-de-seguridad-antilluvia-antiempanante-para-espejos-retrovisores-de-carro\/","title":{"rendered":"Membrana de seguridad antilluvia antiempa\u00f1ante para espejos retrovisores de carro"},"content":{"rendered":"<p>Compra Contraentrega en www.ruleteo.com o a trav\u00e9s de nuestro WhatsApp 3128370765<\/p>\n<p>Membrana de seguridad antilluvia antiempa\u00f1ante para espejos retrovisores de carro<\/p>\n<p>2 Pel\u00edculas antiempa\u00f1antes transparentes para retrovisores de moto,<\/p>\n<p>tama\u00f1o carro (100mmx140mm)<\/p>\n","protected":false},"excerpt":{"rendered":"<p>Compra Contraentrega en www.ruleteo.com o a trav\u00e9s de nuestro WhatsApp 3128370765 Membrana de seguridad antilluvia antiempa\u00f1ante para espejos retrovisores de carro 2 Pel\u00edculas antiempa\u00f1antes transparentes para retrovisores de moto, tama\u00f1o carro (100mmx140mm)<\/p>\n","protected":false},"featured_media":166,"comment_status":"open","ping_status":"closed","template":"","meta":{"om_disable_all_campaigns":false,"_monsterinsights_skip_tracking":false,"_monsterinsights_sitenote_active":false,"_monsterinsights_sitenote_note":"","_monsterinsights_sitenote_category":0,"spay_email":""},"class_list":["post-169","product","type-product","status-publish","has-post-thumbnail","hentry","product_cat-automovilismo","product_cat-cachibaches-y-cacharreria","product_shipping_class-23"],"_links":{"self":[{"href":"https:\/\/ruleteo.com\/index.php\/wp-json\/wp\/v2\/product\/169","targetHints":{"allow":["GET"]}}],"collection":[{"href":"https:\/\/ruleteo.com\/index.php\/wp-json\/wp\/v2\/product"}],"about":[{"href":"https:\/\/ruleteo.com\/index.php\/wp-json\/wp\/v2\/types\/product"}],"replies":[{"embeddable":true,"href":"https:\/\/ruleteo.com\/index.php\/wp-json\/wp\/v2\/comments?post=169"}],"wp:featuredmedia":[{"embeddable":true,"href":"https:\/\/ruleteo.com\/index.php\/wp-json\/wp\/v2\/media\/166"}],"wp:attachment":[{"href":"https:\/\/ruleteo.com\/index.php\/wp-json\/wp\/v2\/media?parent=169"}],"curies":[{"name":"wp","href":"https:\/\/api.w.org\/{rel}","templated":true}]}}