{"id":202,"date":"2021-05-13T01:34:16","date_gmt":"2021-05-13T01:34:16","guid":{"rendered":"https:\/\/ruleteo.com\/?post_type=product&#038;p=202"},"modified":"2025-04-15T17:18:18","modified_gmt":"2025-04-15T17:18:18","slug":"cargador-carga-rapida-doble-puerto-usb-para-carro-con-medidor-de-voltaje-de-bateria","status":"publish","type":"product","link":"https:\/\/ruleteo.com\/index.php\/producto\/cargador-carga-rapida-doble-puerto-usb-para-carro-con-medidor-de-voltaje-de-bateria\/","title":{"rendered":"Cargador carga r\u00e1pida doble puerto USB para carro con medidor de voltaje de bater\u00eda"},"content":{"rendered":"<p>Compra Contraentrega en www.ruleteo.com o a trav\u00e9s de nuestro WhatsApp 3128370765<\/p>\n<p>Cargador carga r\u00e1pida doble puerto USB para carro con medidor de voltaje de bater\u00eda<\/p>\n<p>Cargador doble USB para carro<\/p>\n<p>Carga r\u00e1pida 3.1 A<\/p>\n<p>Indicador de estado de la bater\u00eda.<\/p>\n<p>Pantalla medidora de voltaje de la bater\u00eda<\/p>\n","protected":false},"excerpt":{"rendered":"<p>Compra Contraentrega en www.ruleteo.com o a trav\u00e9s de nuestro WhatsApp 3128370765 Cargador carga r\u00e1pida doble puerto USB para carro con medidor de voltaje de bater\u00eda Cargador doble USB para carro Carga r\u00e1pida 3.1 A Indicador de estado de la bater\u00eda. Pantalla medidora de voltaje de la bater\u00eda<\/p>\n","protected":false},"featured_media":203,"comment_status":"open","ping_status":"closed","template":"","meta":{"om_disable_all_campaigns":false,"_monsterinsights_skip_tracking":false,"_monsterinsights_sitenote_active":false,"_monsterinsights_sitenote_note":"","_monsterinsights_sitenote_category":0,"spay_email":""},"class_list":["post-202","product","type-product","status-publish","has-post-thumbnail","hentry","product_cat-automovilismo","product_cat-cachibaches-y-cacharreria","product_shipping_class-23"],"_links":{"self":[{"href":"https:\/\/ruleteo.com\/index.php\/wp-json\/wp\/v2\/product\/202","targetHints":{"allow":["GET"]}}],"collection":[{"href":"https:\/\/ruleteo.com\/index.php\/wp-json\/wp\/v2\/product"}],"about":[{"href":"https:\/\/ruleteo.com\/index.php\/wp-json\/wp\/v2\/types\/product"}],"replies":[{"embeddable":true,"href":"https:\/\/ruleteo.com\/index.php\/wp-json\/wp\/v2\/comments?post=202"}],"wp:featuredmedia":[{"embeddable":true,"href":"https:\/\/ruleteo.com\/index.php\/wp-json\/wp\/v2\/media\/203"}],"wp:attachment":[{"href":"https:\/\/ruleteo.com\/index.php\/wp-json\/wp\/v2\/media?parent=202"}],"curies":[{"name":"wp","href":"https:\/\/api.w.org\/{rel}","templated":true}]}}