{"id":426,"date":"2021-06-12T15:26:29","date_gmt":"2021-06-12T15:26:29","guid":{"rendered":"https:\/\/ruleteo.com\/?post_type=product&#038;p=426"},"modified":"2022-04-07T18:21:21","modified_gmt":"2022-04-07T18:21:21","slug":"multimetro-tester-probador-digital-profesional","status":"publish","type":"product","link":"https:\/\/ruleteo.com\/index.php\/producto\/multimetro-tester-probador-digital-profesional\/","title":{"rendered":"Multimetro, tester, probador digital profesional"},"content":{"rendered":"<p>Compra Contraentrega en www.ruleteo.com o a trav\u00e9s de nuestro WhatsApp 3128370765<\/p>\n<p>Mult\u00edmetro Digital Tester Multifuncional Voltimetro AC DC<\/p>\n<p>Caracter\u00edsticas t\u00e9cnicas:<\/p>\n<p>Display LCD<\/p>\n<p>funciones de medici\u00f3n para DCV, ACV, DCA, OHM, Diode Check<\/p>\n<p>Continuidad con pito<\/p>\n<p>Indicaci\u00f3n de bater\u00eda baja<\/p>\n<p>DCV:200m\/1000m\/20\/200\/600V \u00b10.5%<\/p>\n<p>ACV:200\/750V \u00b11.2%<\/p>\n<p>DCA:2000\u00b5\/20m\/200m\/10A \u00b11.2%<\/p>\n<p>OHM:200\/2000\/20k\/200k\/2000kO \u00b11.0%<\/p>\n<p>Diode Check:2.8V\/1mA<\/p>\n<p>Battery Check:1.5V, 9V<\/p>\n<p>Medidas: 126 x 70 x 28mm<\/p>\n<p>Peso: 155g<\/p>\n<p>Puntas y pila incluida<\/p>\n","protected":false},"excerpt":{"rendered":"<p>Compra Contraentrega en www.ruleteo.com o a trav\u00e9s de nuestro WhatsApp 3128370765 Mult\u00edmetro Digital Tester Multifuncional Voltimetro AC DC Caracter\u00edsticas t\u00e9cnicas: Display LCD funciones de medici\u00f3n para DCV, ACV, DCA, OHM, Diode Check Continuidad con pito Indicaci\u00f3n de bater\u00eda baja DCV:200m\/1000m\/20\/200\/600V \u00b10.5% ACV:200\/750V \u00b11.2% DCA:2000\u00b5\/20m\/200m\/10A \u00b11.2% OHM:200\/2000\/20k\/200k\/2000kO \u00b11.0% Diode Check:2.8V\/1mA Battery Check:1.5V, 9V Medidas: 126 x &hellip;<\/p>\n<p class=\"read-more\"> <a class=\"\" href=\"https:\/\/ruleteo.com\/index.php\/producto\/multimetro-tester-probador-digital-profesional\/\"> <span class=\"screen-reader-text\">Multimetro, tester, probador digital profesional<\/span> Leer m\u00e1s &raquo;<\/a><\/p>\n","protected":false},"featured_media":427,"comment_status":"open","ping_status":"closed","template":"","meta":{"om_disable_all_campaigns":false,"_monsterinsights_skip_tracking":false,"_monsterinsights_sitenote_active":false,"_monsterinsights_sitenote_note":"","_monsterinsights_sitenote_category":0,"spay_email":""},"class_list":["post-426","product","type-product","status-publish","has-post-thumbnail","hentry","product_cat-automovilismo","product_cat-motociclismo","product_cat-hogar-y-cocina","product_cat-cachibaches-y-cacharreria","product_shipping_class-23"],"_links":{"self":[{"href":"https:\/\/ruleteo.com\/index.php\/wp-json\/wp\/v2\/product\/426","targetHints":{"allow":["GET"]}}],"collection":[{"href":"https:\/\/ruleteo.com\/index.php\/wp-json\/wp\/v2\/product"}],"about":[{"href":"https:\/\/ruleteo.com\/index.php\/wp-json\/wp\/v2\/types\/product"}],"replies":[{"embeddable":true,"href":"https:\/\/ruleteo.com\/index.php\/wp-json\/wp\/v2\/comments?post=426"}],"wp:featuredmedia":[{"embeddable":true,"href":"https:\/\/ruleteo.com\/index.php\/wp-json\/wp\/v2\/media\/427"}],"wp:attachment":[{"href":"https:\/\/ruleteo.com\/index.php\/wp-json\/wp\/v2\/media?parent=426"}],"curies":[{"name":"wp","href":"https:\/\/api.w.org\/{rel}","templated":true}]}}