{"id":470,"date":"2021-06-20T03:57:23","date_gmt":"2021-06-20T03:57:23","guid":{"rendered":"https:\/\/ruleteo.com\/?post_type=product&#038;p=470"},"modified":"2022-04-07T18:11:20","modified_gmt":"2022-04-07T18:11:20","slug":"escaner-elm327-automotriz-vehicular-bluetooth-obd2-carro","status":"publish","type":"product","link":"https:\/\/ruleteo.com\/index.php\/producto\/escaner-elm327-automotriz-vehicular-bluetooth-obd2-carro\/","title":{"rendered":"Escaner Elm327 Automotriz Vehicular Bluetooth Obd2 Carro"},"content":{"rendered":"<p>Compra Contraentrega en www.ruleteo.com o a trav\u00e9s de nuestro WhatsApp 3128370765<\/p>\n<p>OJO. Para instalar la aplicaci\u00f3n debe buscarla desde la p\u00e1gina desde la Playstore la aplicaci\u00f3n torque lite<\/p>\n<p>Para conocer la aplicaci\u00f3n se pueden buscar videos<\/p>\n<p>Los computadores de los veh\u00edculos automotores son equipos electr\u00f3nicos que controlan el funcionamiento del autom\u00f3vil. Los computadores de los carros controlan: la ignici\u00f3n, las revoluciones, los inyectores, los sensores del autom\u00f3vil etc. El computador de los veh\u00edculos tiene un puerto para conectarse con \u00e9l. Aunque los puertos existentes pueden ser diferentes, hay un puerto universal llamado OBDII que tienen la mayor\u00eda de carros. A este puerto se conecta el scanner vehicular y por medio de este y los c\u00f3digos de error que emite el veh\u00edculo y con la ayuda de la APP se puede determinar el fallo del veh\u00edculo.<\/p>\n<p>RECUERDA, NO FUNCIONA EN TODOS LOS VEHICULOS. NO SE REALIZA CAMBIO POR ESTE MOTIVO.<\/p>\n<p>Este ELM327 trabaja s\u00f3lo para los coches de gasolina, no admite coche Diesel y cami\u00f3n.<\/p>\n<p>Es compatible con coches de gasolina multimarca, pero no se ha probado en todos los coches, tambi\u00e9n cada marca de coche tiene muchas series, as\u00ed que no podemos asegurarnos de que este dispositivo funcione o no en todos los de una marca en particular.<\/p>\n<p>ELM327 OBD2 lector de c\u00f3digo esc\u00e1ner Auto diagn\u00f3stico interfaz V2.1<\/p>\n<p>Descripci\u00f3n:<\/p>\n<p>ELM327 MINI OBD SCAN es la herramienta de escaneo inal\u00e1mbrico recientemente desarrollada. Soporta los protocolos OBD-II est\u00e1ndar.<\/p>\n<p>Funciona para el diagn\u00f3stico de varios coches, leer y eliminar c\u00f3digo de fallos.<\/p>\n<p>Destacados:<\/p>\n<p>Hardware V2.1, Software V2.1<\/p>\n<p>Contrase\u00f1a Bluetooth: 0000\/1234<\/p>\n<p>Funciona en Android (Android 4.0 \u2013 4.4)\/PC, pero NO funciona iOS!<\/p>\n<p>No soporta Diesel o camiones.<\/p>\n<p>Este ELM327 V2.1 es compatible con la mayor\u00eda de los protocolos OBD-II, pero no puede hacer todos los modelos, por favor revise su coche con los siguientes protocolos.<\/p>\n<p>Soporta 7 protocolos:<\/p>\n<p>1. ISO9141-2 (5 baud init, 10,4 Kbaud)<\/p>\n<p>2. ISO14230-4 KWP (5 baud init, 10,4 Kbaud)<\/p>\n<p>3. ISO14230-4 KWP (r\u00e1pido init, 10,4 Kbaud)<\/p>\n<p>4. ISO15765-4 CAN (11bit ID, 500 Kbaud)<\/p>\n<p>5. ISO15765-4 CAN (29bit ID, 500 Kbaud)<\/p>\n<p>6. ISO15765-4 CAN (11bit ID, 250 Kbaud)<\/p>\n<p>7. ISO15765-4 CAN (29bit ID, 250 Kbaud)<\/p>\n<p>Funciones:<\/p>\n<p>1. leer c\u00f3digos de problemas de diagn\u00f3stico, tanto gen\u00e9ricos como espec\u00edficos del fabricante, y visualizar su significado (m\u00e1s de 3000 definiciones de c\u00f3digo gen\u00e9rico en la base de datos).<\/p>\n<p>2. C\u00f3digos de problemas claros y apagar el aviso de check engine.<\/p>\n<p>3. Mostrar los datos del sensor de corriente, incluyendo:<\/p>\n<p>4. RPM del motor<\/p>\n<p>5. Valor de carga calculado<\/p>\n<p>6. Temperatura del l\u00edquido refrigerante<\/p>\n<p>7. Estado del sistema de combustible<\/p>\n<p>8. velocidad del veh\u00edculo<\/p>\n<p>9. Corto Plazo de combustible<\/p>\n<p>10. Ajuste de combustible a largo plazo<\/p>\n<p>Presi\u00f3n del colector de admisi\u00f3n<\/p>\n<p>12. Tiempo de antelaci\u00f3n<\/p>\n<p>13. Temperatura de admisi\u00f3n<\/p>\n<p>Caudal de aire<\/p>\n<p>15. posici\u00f3n absoluta del acelerador<\/p>\n<p>16. tensiones del sensor de ox\u00edgeno\/t\u00e9rminos de combustible a corto plazo asociados<\/p>\n<p>17. estado del sistema de combustible<\/p>\n<p>18. presi\u00f3n de combustible<\/p>\n<p>19. muchos otros.<\/p>\n","protected":false},"excerpt":{"rendered":"<p>Compra Contraentrega en www.ruleteo.com o a trav\u00e9s de nuestro WhatsApp 3128370765 OJO. Para instalar la aplicaci\u00f3n debe buscarla desde la p\u00e1gina desde la Playstore la aplicaci\u00f3n torque lite Para conocer la aplicaci\u00f3n se pueden buscar videos Los computadores de los veh\u00edculos automotores son equipos electr\u00f3nicos que controlan el funcionamiento del autom\u00f3vil. Los computadores de los &hellip;<\/p>\n<p class=\"read-more\"> <a class=\"\" href=\"https:\/\/ruleteo.com\/index.php\/producto\/escaner-elm327-automotriz-vehicular-bluetooth-obd2-carro\/\"> <span class=\"screen-reader-text\">Escaner Elm327 Automotriz Vehicular Bluetooth Obd2 Carro<\/span> Leer m\u00e1s &raquo;<\/a><\/p>\n","protected":false},"featured_media":471,"comment_status":"open","ping_status":"closed","template":"","meta":{"om_disable_all_campaigns":false,"_monsterinsights_skip_tracking":false,"_monsterinsights_sitenote_active":false,"_monsterinsights_sitenote_note":"","_monsterinsights_sitenote_category":0,"spay_email":""},"class_list":["post-470","product","type-product","status-publish","has-post-thumbnail","hentry","product_cat-automovilismo","product_cat-cachibaches-y-cacharreria","product_shipping_class-23"],"_links":{"self":[{"href":"https:\/\/ruleteo.com\/index.php\/wp-json\/wp\/v2\/product\/470","targetHints":{"allow":["GET"]}}],"collection":[{"href":"https:\/\/ruleteo.com\/index.php\/wp-json\/wp\/v2\/product"}],"about":[{"href":"https:\/\/ruleteo.com\/index.php\/wp-json\/wp\/v2\/types\/product"}],"replies":[{"embeddable":true,"href":"https:\/\/ruleteo.com\/index.php\/wp-json\/wp\/v2\/comments?post=470"}],"wp:featuredmedia":[{"embeddable":true,"href":"https:\/\/ruleteo.com\/index.php\/wp-json\/wp\/v2\/media\/471"}],"wp:attachment":[{"href":"https:\/\/ruleteo.com\/index.php\/wp-json\/wp\/v2\/media?parent=470"}],"curies":[{"name":"wp","href":"https:\/\/api.w.org\/{rel}","templated":true}]}}