{"id":504,"date":"2021-07-16T13:36:29","date_gmt":"2021-07-16T13:36:29","guid":{"rendered":"https:\/\/ruleteo.com\/?post_type=product&#038;p=504"},"modified":"2023-08-09T02:20:08","modified_gmt":"2023-08-09T02:20:08","slug":"ciclocomputador-ciclismo-gps-igpsport-igs10s-entrega-inmedia","status":"publish","type":"product","link":"https:\/\/ruleteo.com\/index.php\/producto\/ciclocomputador-ciclismo-gps-igpsport-igs10s-entrega-inmedia\/","title":{"rendered":"Ciclocomputador Ciclismo Gps Igpsport BSC100S Entrega Inmedia"},"content":{"rendered":"<p>Compra Contraentrega en www.ruleteo.com o a trav\u00e9s de nuestro WhatsApp 3128370765<\/p>\n<p>El nuevo ciclocomputador GPS iGS10, es el m\u00e1s peque\u00f1o pero poderoso (acepta sensores ANT+) de los GPS para ciclismo de iGPSPORT.<\/p>\n<p>Este nuevo gigante brinda hasta 18 datos esenciales en el entrenamiento del ciclista.<\/p>\n<p>Sube tus datos de salidas a STRAVA y TrainningPeaks, otras aplicaciones, o descarga la App iGPSPORT (Android &amp; iOS).<\/p>\n<p>Transmisi\u00f3n inal\u00e1mbrica Bluetooth para la conexi\u00f3n con la app de iGPSPSPORT.<\/p>\n<p>12 datos sin sensores: Velocidad, Velocidad Media y Maxima, Hora, Tiempo de Actividad, Fecha, Distancia, Calorias, Odometro (Distancia Total), Pendiente, Temperatura, Altitud.<\/p>\n<p>6 datos con sensores ANT+ (opcionales): Cadencia, Cadencia Media y M\u00e1xima, Frecuencia Cardiaca, Frecuencia Cardiaca Media y M\u00e1xima.<\/p>\n<p>El ciclocomputador es compatible con ANT+ SENSOR: Soporta todas las marcas de sensores ANT+ como Garmin, Polar, Wahoo, etc, de monitor de frecuencia cardiaca, sensor de velocidad y sensor de cadencia.<\/p>\n<p>Caracter\u00edsticas T\u00e9cnicas:<\/p>\n<p>GPS GPS de alta sensibilidad<\/p>\n<p>PANTALLA 3.0 x 3.8 cm, pantalla anti-reflejos, brillante y de gran contraste<\/p>\n<p>TEMPERATURA DE USO -10\u00b0C ~50\u00b0C<\/p>\n<p>PESO 59g aprox.<\/p>\n<p>DIMENSIONES 48 \u00d7 75 \u00d7 20 mm<\/p>\n<p>RESISTENCIA AL AGUA IPX6<\/p>\n<p>BATER\u00cdA Hasta 25 horas (uso normal)<\/p>\n<p>MEMORIA Hasta 90horas (Depende del uso de memoria)<\/p>\n<p>ANT+ Compatible con sensores ANT+: Monitor frecuencia cardiaca, sensor de velocidad y sensor de cadencia Nota: no compatible con medidores de potencia o potenci\u00f3metros.<\/p>\n<p>INTERFAZ Micro USB<\/p>\n<p>TRANSMISI\u00d3N INAL\u00c1MBRICA Bluetooth 4.0 Compatibilidad de conexi\u00f3n con aplicaci\u00f3n iGPSPSPORT para smartphone. No soporta la conexi\u00f3n con sensores mediante Bluetooth.<\/p>\n<p>CONTENIDO DE LA CAJA 1x iGS10, 1x Cable Micro USB,1x Soporte est\u00e1ndar para bicicleta, 1x Manual de usuario<\/p>\n","protected":false},"excerpt":{"rendered":"<p>Compra Contraentrega en www.ruleteo.com o a trav\u00e9s de nuestro WhatsApp 3128370765 El nuevo ciclocomputador GPS iGS10, es el m\u00e1s peque\u00f1o pero poderoso (acepta sensores ANT+) de los GPS para ciclismo de iGPSPORT. Este nuevo gigante brinda hasta 18 datos esenciales en el entrenamiento del ciclista. Sube tus datos de salidas a STRAVA y TrainningPeaks, otras &hellip;<\/p>\n<p class=\"read-more\"> <a class=\"\" href=\"https:\/\/ruleteo.com\/index.php\/producto\/ciclocomputador-ciclismo-gps-igpsport-igs10s-entrega-inmedia\/\"> <span class=\"screen-reader-text\">Ciclocomputador Ciclismo Gps Igpsport BSC100S Entrega Inmedia<\/span> Leer m\u00e1s &raquo;<\/a><\/p>\n","protected":false},"featured_media":1056,"comment_status":"open","ping_status":"closed","template":"","meta":{"om_disable_all_campaigns":false,"_monsterinsights_skip_tracking":false,"_monsterinsights_sitenote_active":false,"_monsterinsights_sitenote_note":"","_monsterinsights_sitenote_category":0,"spay_email":""},"class_list":["post-504","product","type-product","status-publish","has-post-thumbnail","hentry","product_cat-ciclismo","product_shipping_class-23"],"_links":{"self":[{"href":"https:\/\/ruleteo.com\/index.php\/wp-json\/wp\/v2\/product\/504","targetHints":{"allow":["GET"]}}],"collection":[{"href":"https:\/\/ruleteo.com\/index.php\/wp-json\/wp\/v2\/product"}],"about":[{"href":"https:\/\/ruleteo.com\/index.php\/wp-json\/wp\/v2\/types\/product"}],"replies":[{"embeddable":true,"href":"https:\/\/ruleteo.com\/index.php\/wp-json\/wp\/v2\/comments?post=504"}],"wp:featuredmedia":[{"embeddable":true,"href":"https:\/\/ruleteo.com\/index.php\/wp-json\/wp\/v2\/media\/1056"}],"wp:attachment":[{"href":"https:\/\/ruleteo.com\/index.php\/wp-json\/wp\/v2\/media?parent=504"}],"curies":[{"name":"wp","href":"https:\/\/api.w.org\/{rel}","templated":true}]}}