{"id":514,"date":"2021-07-16T17:38:00","date_gmt":"2021-07-16T17:38:00","guid":{"rendered":"https:\/\/ruleteo.com\/?post_type=product&#038;p=514"},"modified":"2022-08-15T02:18:42","modified_gmt":"2022-08-15T02:18:42","slug":"probador-estado-de-bateria-y-alternador-automotriz-carro-o-moto","status":"publish","type":"product","link":"https:\/\/ruleteo.com\/index.php\/producto\/probador-estado-de-bateria-y-alternador-automotriz-carro-o-moto\/","title":{"rendered":"Probador Estado De Bater\u00eda Y Alternador Automotriz Carro O Moto"},"content":{"rendered":"<p>Compra Contraentrega en www.ruleteo.com o a trav\u00e9s de nuestro WhatsApp 3128370765<\/p>\n<p>Probador Carga Bateria Y Alternador Automotriz Carro O Moto<\/p>\n<p>Producto disponible para entrega inmediata.<\/p>\n<p>Caracter\u00edsticas Generales:<\/p>\n<p>&#8211; Comprobaci\u00f3n del estado del alternador.<\/p>\n<p>&#8211; Comprobaci\u00f3n del estado de la bater\u00eda.<\/p>\n<p>&#8211; Comprobaci\u00f3n de sobrecarga de la bater\u00eda.<\/p>\n<p>&#8211; . Pantalla de 6 LED, el cual presenta el estado del alternador y la bater\u00eda. (2 rojos, 3 verdes, 1 amarillo)<\/p>\n<p>&#8211; Dos clips de prueba para una operaci\u00f3n segura y f\u00e1cil.<\/p>\n<p>&#8211; Tama\u00f1o peque\u00f1o, c\u00f3modo de llevar (12 x 5x 1.5 cm)<\/p>\n<p>&#8211; Peso liviano (139 g)<\/p>\n<p>&#8211; Ajuste para carro y moto.<\/p>\n<p>Caracter\u00edsticas t\u00e9cnicas:<\/p>\n<p>&#8211; Cantidad de LED: 6 (2 rojas, 3 verdes y 1 amarilla)<\/p>\n<p>&#8211; Material del alambre: cobre milim\u00e9trico 0.06square<\/p>\n<p>&#8211; Max. voltaje y corriente: 12v 15a<\/p>\n<p>&#8211; Longitud del cable: 25 cm \/ 9.84 pulgadas<\/p>\n<p>&#8211; Tama\u00f1o del probador de la bater\u00eda: 12 * 5.2 * 1.8 cm \/ 4.7 * 2 * 0.7in<\/p>\n<p>&#8211; Modelo: T16897<\/p>\n<p>&#8211; Portatil<\/p>\n<p>\u00bfComo compruebas el estado del alternador?:<\/p>\n<p>Primera luz (roja): Fallo<\/p>\n<p>Segunda luz (verde): Buena<\/p>\n<p>Tercera luz (verde): completa<\/p>\n<p>\u00bfComprobaci\u00f3n del estado de la bater\u00eda?:<\/p>\n<p>Primera luz (amarilla): media<\/p>\n<p>Segunda luz (roja): baja<\/p>\n<p>Tercera luz (verde): OK<\/p>\n<p>El paquete incluye:<\/p>\n<p>1 Probador de Bater\u00eda y Alternador de bater\u00eda digital 6 Luces LED y manual de uso.<\/p>\n","protected":false},"excerpt":{"rendered":"<p>Compra Contraentrega en www.ruleteo.com o a trav\u00e9s de nuestro WhatsApp 3128370765 Probador Carga Bateria Y Alternador Automotriz Carro O Moto Producto disponible para entrega inmediata. Caracter\u00edsticas Generales: &#8211; Comprobaci\u00f3n del estado del alternador. &#8211; Comprobaci\u00f3n del estado de la bater\u00eda. &#8211; Comprobaci\u00f3n de sobrecarga de la bater\u00eda. &#8211; . Pantalla de 6 LED, el cual &hellip;<\/p>\n<p class=\"read-more\"> <a class=\"\" href=\"https:\/\/ruleteo.com\/index.php\/producto\/probador-estado-de-bateria-y-alternador-automotriz-carro-o-moto\/\"> <span class=\"screen-reader-text\">Probador Estado De Bater\u00eda Y Alternador Automotriz Carro O Moto<\/span> Leer m\u00e1s &raquo;<\/a><\/p>\n","protected":false},"featured_media":516,"comment_status":"open","ping_status":"closed","template":"","meta":{"om_disable_all_campaigns":false,"_monsterinsights_skip_tracking":false,"_monsterinsights_sitenote_active":false,"_monsterinsights_sitenote_note":"","_monsterinsights_sitenote_category":0,"spay_email":""},"class_list":["post-514","product","type-product","status-publish","has-post-thumbnail","hentry","product_cat-automovilismo","product_cat-motociclismo","product_shipping_class-23"],"_links":{"self":[{"href":"https:\/\/ruleteo.com\/index.php\/wp-json\/wp\/v2\/product\/514","targetHints":{"allow":["GET"]}}],"collection":[{"href":"https:\/\/ruleteo.com\/index.php\/wp-json\/wp\/v2\/product"}],"about":[{"href":"https:\/\/ruleteo.com\/index.php\/wp-json\/wp\/v2\/types\/product"}],"replies":[{"embeddable":true,"href":"https:\/\/ruleteo.com\/index.php\/wp-json\/wp\/v2\/comments?post=514"}],"wp:featuredmedia":[{"embeddable":true,"href":"https:\/\/ruleteo.com\/index.php\/wp-json\/wp\/v2\/media\/516"}],"wp:attachment":[{"href":"https:\/\/ruleteo.com\/index.php\/wp-json\/wp\/v2\/media?parent=514"}],"curies":[{"name":"wp","href":"https:\/\/api.w.org\/{rel}","templated":true}]}}