{"id":557,"date":"2021-09-12T19:25:36","date_gmt":"2021-09-12T19:25:36","guid":{"rendered":"http:\/\/ruleteo.com\/?post_type=product&#038;p=557"},"modified":"2022-04-07T18:03:44","modified_gmt":"2022-04-07T18:03:44","slug":"cargador-usb-para-moto-carga-rapida-resistente-al-agua","status":"publish","type":"product","link":"https:\/\/ruleteo.com\/index.php\/producto\/cargador-usb-para-moto-carga-rapida-resistente-al-agua\/","title":{"rendered":"Cargador USB para moto. Carga r\u00e1pida, resistente al agua"},"content":{"rendered":"<p>Compra Contraentrega en www.ruleteo.com o a trav\u00e9s de nuestro WhatsApp 3128370765<\/p>\n<p>Cargador USB para moto. Carga r\u00e1pida, resistente al agua<\/p>\n<p>Carga tu celular y otros art\u00edculos con este pr\u00e1ctico cargador USB, con interruptor de encendido y resistente al agua. incluye el cable para conectarlo a la bater\u00eda de la moto.<\/p>\n","protected":false},"excerpt":{"rendered":"<p>Compra Contraentrega en www.ruleteo.com o a trav\u00e9s de nuestro WhatsApp 3128370765 Cargador USB para moto. Carga r\u00e1pida, resistente al agua Carga tu celular y otros art\u00edculos con este pr\u00e1ctico cargador USB, con interruptor de encendido y resistente al agua. incluye el cable para conectarlo a la bater\u00eda de la moto.<\/p>\n","protected":false},"featured_media":558,"comment_status":"open","ping_status":"closed","template":"","meta":{"om_disable_all_campaigns":false,"_monsterinsights_skip_tracking":false,"_monsterinsights_sitenote_active":false,"_monsterinsights_sitenote_note":"","_monsterinsights_sitenote_category":0,"spay_email":""},"class_list":["post-557","product","type-product","status-publish","has-post-thumbnail","hentry","product_cat-motociclismo","product_shipping_class-23"],"_links":{"self":[{"href":"https:\/\/ruleteo.com\/index.php\/wp-json\/wp\/v2\/product\/557","targetHints":{"allow":["GET"]}}],"collection":[{"href":"https:\/\/ruleteo.com\/index.php\/wp-json\/wp\/v2\/product"}],"about":[{"href":"https:\/\/ruleteo.com\/index.php\/wp-json\/wp\/v2\/types\/product"}],"replies":[{"embeddable":true,"href":"https:\/\/ruleteo.com\/index.php\/wp-json\/wp\/v2\/comments?post=557"}],"wp:featuredmedia":[{"embeddable":true,"href":"https:\/\/ruleteo.com\/index.php\/wp-json\/wp\/v2\/media\/558"}],"wp:attachment":[{"href":"https:\/\/ruleteo.com\/index.php\/wp-json\/wp\/v2\/media?parent=557"}],"curies":[{"name":"wp","href":"https:\/\/api.w.org\/{rel}","templated":true}]}}