{"id":825,"date":"2022-04-16T12:30:47","date_gmt":"2022-04-16T12:30:47","guid":{"rendered":"https:\/\/ruleteo.com\/index.php\/producto\/cautin-soldador-usb-portatil-maquina-pistola-para-soldar-con-indicador-de-luz\/"},"modified":"2022-05-04T22:29:33","modified_gmt":"2022-05-04T22:29:33","slug":"cautin-soldador-usb-portatil-maquina-pistola-para-soldar-con-indicador-de-luz","status":"publish","type":"product","link":"https:\/\/ruleteo.com\/index.php\/producto\/cautin-soldador-usb-portatil-maquina-pistola-para-soldar-con-indicador-de-luz\/","title":{"rendered":"Caut\u00edn soldador USB port\u00e1til, m\u00e1quina pistola para soldar con indicador de luz"},"content":{"rendered":"","protected":false},"excerpt":{"rendered":"","protected":false},"featured_media":820,"comment_status":"open","ping_status":"closed","template":"","meta":{"om_disable_all_campaigns":false,"_monsterinsights_skip_tracking":false,"_monsterinsights_sitenote_active":false,"_monsterinsights_sitenote_note":"","_monsterinsights_sitenote_category":0,"spay_email":""},"class_list":["post-825","product","type-product","status-publish","has-post-thumbnail","hentry","product_cat-sin-categorizar","product_cat-automovilismo","product_cat-motociclismo","product_cat-hogar-y-cocina","product_cat-cachibaches-y-cacharreria","product_cat-ciclismo","product_shipping_class-23"],"_links":{"self":[{"href":"https:\/\/ruleteo.com\/index.php\/wp-json\/wp\/v2\/product\/825","targetHints":{"allow":["GET"]}}],"collection":[{"href":"https:\/\/ruleteo.com\/index.php\/wp-json\/wp\/v2\/product"}],"about":[{"href":"https:\/\/ruleteo.com\/index.php\/wp-json\/wp\/v2\/types\/product"}],"replies":[{"embeddable":true,"href":"https:\/\/ruleteo.com\/index.php\/wp-json\/wp\/v2\/comments?post=825"}],"wp:featuredmedia":[{"embeddable":true,"href":"https:\/\/ruleteo.com\/index.php\/wp-json\/wp\/v2\/media\/820"}],"wp:attachment":[{"href":"https:\/\/ruleteo.com\/index.php\/wp-json\/wp\/v2\/media?parent=825"}],"curies":[{"name":"wp","href":"https:\/\/api.w.org\/{rel}","templated":true}]}}