{"id":871,"date":"2022-05-08T12:40:46","date_gmt":"2022-05-08T12:40:46","guid":{"rendered":"https:\/\/ruleteo.com\/index.php\/producto\/manillar-de-carbono-ec90-fundas-internas-diseno-aerodinamico\/"},"modified":"2023-08-10T02:42:13","modified_gmt":"2023-08-10T02:42:13","slug":"manillar-de-carbono-ec90-fundas-internas-diseno-aerodinamico","status":"publish","type":"product","link":"https:\/\/ruleteo.com\/index.php\/producto\/manillar-de-carbono-ec90-fundas-internas-diseno-aerodinamico\/","title":{"rendered":"Manillar Ruta de Carbono, fundas internas, dise\u00f1o aerodin\u00e1mico"},"content":{"rendered":"<p>hermoso manillar para bicicleta de ruta, dise\u00f1o aerodin\u00e1mico con fundas internas, ancho 420 mm, marca EC90.<\/p>\n<p>c\u00f3mpralo a trav\u00e9s de nuestra p\u00e1gina o en el WhatsApp 312 837 0765 y paga el producto al recibirlo en la puerta de tu casa.<\/p>\n","protected":false},"excerpt":{"rendered":"<p>hermoso manillar para bicicleta de ruta, dise\u00f1o aerodin\u00e1mico con fundas internas, ancho 420 mm, marca EC90. c\u00f3mpralo a trav\u00e9s de nuestra p\u00e1gina o en el WhatsApp 312 837 0765 y paga el producto al recibirlo en la puerta de tu casa.<\/p>\n","protected":false},"featured_media":1156,"comment_status":"open","ping_status":"closed","template":"","meta":{"om_disable_all_campaigns":false,"_monsterinsights_skip_tracking":false,"_monsterinsights_sitenote_active":false,"_monsterinsights_sitenote_note":"","_monsterinsights_sitenote_category":0,"spay_email":""},"class_list":["post-871","product","type-product","status-publish","has-post-thumbnail","hentry","product_cat-ciclismo","product_shipping_class-23"],"_links":{"self":[{"href":"https:\/\/ruleteo.com\/index.php\/wp-json\/wp\/v2\/product\/871","targetHints":{"allow":["GET"]}}],"collection":[{"href":"https:\/\/ruleteo.com\/index.php\/wp-json\/wp\/v2\/product"}],"about":[{"href":"https:\/\/ruleteo.com\/index.php\/wp-json\/wp\/v2\/types\/product"}],"replies":[{"embeddable":true,"href":"https:\/\/ruleteo.com\/index.php\/wp-json\/wp\/v2\/comments?post=871"}],"wp:featuredmedia":[{"embeddable":true,"href":"https:\/\/ruleteo.com\/index.php\/wp-json\/wp\/v2\/media\/1156"}],"wp:attachment":[{"href":"https:\/\/ruleteo.com\/index.php\/wp-json\/wp\/v2\/media?parent=871"}],"curies":[{"name":"wp","href":"https:\/\/api.w.org\/{rel}","templated":true}]}}