{"id":88,"date":"2021-05-11T01:43:06","date_gmt":"2021-05-11T01:43:06","guid":{"rendered":"https:\/\/ruleteo.com\/?post_type=product&#038;p=88"},"modified":"2022-04-22T02:45:46","modified_gmt":"2022-04-22T02:45:46","slug":"soporte-aereo-marca-sram-para-gps-o-ciclocomputador","status":"publish","type":"product","link":"https:\/\/ruleteo.com\/index.php\/producto\/soporte-aereo-marca-sram-para-gps-o-ciclocomputador\/","title":{"rendered":"Soporte a\u00e9reo marca SRAM para GPS o ciclocomputador"},"content":{"rendered":"<p>Compra Contraentrega en www.ruleteo.com o a trav\u00e9s de nuestro WhatsApp 3128370765<\/p>\n<p>Soporte a\u00e9reo marca SRAM para GPS o ciclocomputador<\/p>\n<p>Incluye llave de instalaci\u00f3n<\/p>\n","protected":false},"excerpt":{"rendered":"<p>Compra Contraentrega en www.ruleteo.com o a trav\u00e9s de nuestro WhatsApp 3128370765 Soporte a\u00e9reo marca SRAM para GPS o ciclocomputador Incluye llave de instalaci\u00f3n<\/p>\n","protected":false},"featured_media":90,"comment_status":"open","ping_status":"closed","template":"","meta":{"om_disable_all_campaigns":false,"_monsterinsights_skip_tracking":false,"_monsterinsights_sitenote_active":false,"_monsterinsights_sitenote_note":"","_monsterinsights_sitenote_category":0,"spay_email":""},"class_list":["post-88","product","type-product","status-publish","has-post-thumbnail","hentry","product_cat-cachibaches-y-cacharreria","product_cat-ciclismo","product_shipping_class-23"],"_links":{"self":[{"href":"https:\/\/ruleteo.com\/index.php\/wp-json\/wp\/v2\/product\/88","targetHints":{"allow":["GET"]}}],"collection":[{"href":"https:\/\/ruleteo.com\/index.php\/wp-json\/wp\/v2\/product"}],"about":[{"href":"https:\/\/ruleteo.com\/index.php\/wp-json\/wp\/v2\/types\/product"}],"replies":[{"embeddable":true,"href":"https:\/\/ruleteo.com\/index.php\/wp-json\/wp\/v2\/comments?post=88"}],"wp:featuredmedia":[{"embeddable":true,"href":"https:\/\/ruleteo.com\/index.php\/wp-json\/wp\/v2\/media\/90"}],"wp:attachment":[{"href":"https:\/\/ruleteo.com\/index.php\/wp-json\/wp\/v2\/media?parent=88"}],"curies":[{"name":"wp","href":"https:\/\/api.w.org\/{rel}","templated":true}]}}